{"id":55606,"date":"2023-07-03T17:41:46","date_gmt":"2023-07-03T15:41:46","guid":{"rendered":"https:\/\/makeityoursthelabel.com\/?post_type=product&#038;p=55606"},"modified":"2025-09-10T13:41:03","modified_gmt":"2025-09-10T11:41:03","slug":"sewing-case-pouch-free-sewing-pattern","status":"publish","type":"product","link":"https:\/\/makeityoursthelabel.com\/en\/product\/sewing-case-pouch-free-sewing-pattern\/","title":{"rendered":"Phone Pouch &#8211; Free Sewing Pattern"},"content":{"rendered":"<h2>Free Sewing Pattern For A Small Phone Pouch<\/h2>\n<ul>\n<li>Includes two sizes: small &amp; big<\/li>\n<li>No pdf instructions included, tutorial only on <a href=\"https:\/\/www.youtube.com\/watch?v=Kfsf37luc1Q&amp;t=31s\" target=\"_blank\" rel=\"noopener\">YouTube<\/a><\/li>\n<li>Easy to make, beginner friendly<\/li>\n<li>Sewing Time: 30 mins- 1 h<\/li>\n<li>More details in <a href=\"https:\/\/makeityoursthelabel.com\/en\/diy-crossbody-phone-bag-from-fabric-scraps-free-sewing-pattern\/\" target=\"_blank\" rel=\"noopener\">this blogpost<\/a><\/li>\n<\/ul>\n<div class=\"accordion\">\n\t<div id=\"accordion-2144005923\" class=\"accordion-item\">\n\t\t<a id=\"accordion-2144005923-label\" class=\"accordion-title plain\" href=\"#accordion-item-supplies\" aria-expanded=\"false\" aria-controls=\"accordion-2144005923-content\">\n\t\t\t<button class=\"toggle\" aria-label=\"Toggle\"><i class=\"icon-angle-down\" aria-hidden=\"true\"><\/i><\/button>\n\t\t\t<span>Supplies<\/span>\n\t\t<\/a>\n\t\t<div id=\"accordion-2144005923-content\" class=\"accordion-inner\" aria-labelledby=\"accordion-2144005923-label\">\n\t\t\t\n<ul>\n<li>30 cm fabric (scraps) of your choice<\/li>\n<li><span class=\"S1PPyQ\">Thread matching your fabric\u00a0<\/span><\/li>\n<li>Sewing Machine: I use the<a href=\"https:\/\/www.janome.de\/produkt\/dc-7100\/\" target=\"_blank\" rel=\"noopener\"><strong>\u00a0Janome DC7100<\/strong><\/a><\/li>\n<li>Around 100 cm \u00a0<a href=\"https:\/\/www.awin1.com\/cread.php?awinmid=10690&amp;awinaffid=646553&amp;ued=https%3A%2F%2Fwww.etsy.com%2Fsearch%3Fq%3Dcord%2520yard%26ref%3Dsearch_bar\" target=\"_blank\" rel=\"noopener\">Cord<\/a>*<\/li>\n<li>Sewing Needles<\/li>\n<li>Pins or Clips<\/li>\n<\/ul>\n\t\t<\/div>\n\t<\/div>\n\t\n\t<div id=\"accordion-3884307653\" class=\"accordion-item\">\n\t\t<a id=\"accordion-3884307653-label\" class=\"accordion-title plain\" href=\"#accordion-item-suggested-fabrics\" aria-expanded=\"false\" aria-controls=\"accordion-3884307653-content\">\n\t\t\t<button class=\"toggle\" aria-label=\"Toggle\"><i class=\"icon-angle-down\" aria-hidden=\"true\"><\/i><\/button>\n\t\t\t<span>Suggested Fabrics<\/span>\n\t\t<\/a>\n\t\t<div id=\"accordion-3884307653-content\" class=\"accordion-inner\" aria-labelledby=\"accordion-3884307653-label\">\n\t\t\t\n<p>Non-stretch fabrics \/ fabric scraps:<\/p>\n<ul>\n<li><span class=\"yt-core-attributed-string--link-inherit-color\"><a href=\"https:\/\/tidd.ly\/46zGNfa\" target=\"_blank\" rel=\"noopener\">Teddy<\/a>*<\/span><\/li>\n<li><span class=\"yt-core-attributed-string--link-inherit-color\"><a href=\"https:\/\/tidd.ly\/44uchS8\" target=\"_blank\" rel=\"noopener\">Cotton<\/a>* <\/span><span class=\"yt-core-attributed-string--link-inherit-color\">\u00a0<\/span><\/li>\n<li><span class=\"yt-core-attributed-string--link-inherit-color\"><a href=\"https:\/\/tidd.ly\/44lbpPK\" target=\"_blank\" rel=\"noopener\">Canvas<\/a>*\u00a0<\/span><\/li>\n<li><span class=\"yt-core-attributed-string--link-inherit-color\"><a href=\"https:\/\/tidd.ly\/3NXO3tS\" target=\"_blank\" rel=\"noopener\">(Faux) leather<\/a>*\u00a0<\/span><\/li>\n<li><span class=\"yt-core-attributed-string--link-inherit-color\"><a href=\"https:\/\/tidd.ly\/44rhoSN\" target=\"_blank\" rel=\"noopener\">Cord<\/a>*\u00a0<\/span><\/li>\n<\/ul>\n<p><span style=\"font-size: 75%; color: #808080;\"><em>**Please note that some of the links in this post are partner links (affiliate links), which means I may earn a small commission if you make a purchase through them \u2013 at no extra cost to you. I only recommend products and services I love and trust, and the affiliate links help me to keep creating helpful content like this. Thank you for supporting my blog!**<\/em><\/span><\/p>\n\t\t<\/div>\n\t<\/div>\n\t\n\t<div id=\"accordion-556782620\" class=\"accordion-item\">\n\t\t<a id=\"accordion-556782620-label\" class=\"accordion-title plain\" href=\"#accordion-item-sewing-tutorial-on-youtube\" aria-expanded=\"false\" aria-controls=\"accordion-556782620-content\">\n\t\t\t<button class=\"toggle\" aria-label=\"Toggle\"><i class=\"icon-angle-down\" aria-hidden=\"true\"><\/i><\/button>\n\t\t\t<span>Sewing Tutorial on YouTube<\/span>\n\t\t<\/a>\n\t\t<div id=\"accordion-556782620-content\" class=\"accordion-inner\" aria-labelledby=\"accordion-556782620-label\">\n\t\t\t\n<p><span data-line-height=\"s\"><em>(In German with English subtitles)<\/em><\/span><\/p>\n<p data-line-height=\"s\"><span style=\"font-size: 80%; color: #808080;\">How to turn on subtitles for this YouTube Video:\u00a0Click on the \u201cCC\u201d button located at the bottom right corner of the video player. If you don\u2019t see the \u201cCC\u201d button, click on the \u201cSettings\u201d icon and select \u201cSubtitles\/CC\u201d from the drop-down menu.\u00a0You should now see the available subtitle options for the video. Click on the language you want to use, and the subtitles should appear on the video player.\u00a0That\u2019s it! Now you can enjoy the video with subtitles.<\/span><\/p>\n<div class=\"video video-fit mb\" style=\"padding-top:56.25%;\"><p><iframe loading=\"lazy\" title=\"Handytasche zum Umh\u00e4ngen n\u00e4hen KOSTENLOSES SCHNITTMUSTER | N\u00e4hidee f\u00fcr Stoffreste\" width=\"1020\" height=\"574\" src=\"https:\/\/www.youtube.com\/embed\/Kfsf37luc1Q?feature=oembed\" frameborder=\"0\" allow=\"accelerometer; autoplay; clipboard-write; encrypted-media; gyroscope; picture-in-picture; web-share\" referrerpolicy=\"strict-origin-when-cross-origin\" allowfullscreen><\/iframe><\/p>\n<\/div>\n\t\t<\/div>\n\t<\/div>\n\t\n<\/div>\n","protected":false},"excerpt":{"rendered":"<p><strong><a href=\"https:\/\/www.youtube.com\/watch?v=Kfsf37luc1Q&amp;t=31s\" target=\"_blank\" rel=\"noopener\">Click here for the sewing tutorial on YouTube<\/a> <\/strong>*no PDF tutorial included*<\/p>\n<p><span style=\"color: #e14d43;\"><strong>**non-commercial use only**<\/strong><\/span><\/p>\n","protected":false},"featured_media":55586,"comment_status":"open","ping_status":"closed","template":"","meta":[],"product_brand":[],"product_cat":[153,174,181],"product_tag":[],"class_list":{"0":"post-55606","1":"product","2":"type-product","3":"status-publish","4":"has-post-thumbnail","6":"product_cat-all-products","7":"product_cat-free-downloads","8":"product_cat-sewing-patterns","10":"first","11":"instock","12":"downloadable","13":"virtual","14":"taxable","15":"purchasable","16":"product-type-simple"},"yoast_head":"<!-- This site is optimized with the Yoast SEO plugin v27.4 - https:\/\/yoast.com\/product\/yoast-seo-wordpress\/ -->\n<title>Phone Pouch - Free Sewing Pattern &#8226; Make it Yours<\/title>\n<meta name=\"description\" content=\"Download this free sewing pattern for a small phone case pouch. Easy to make and free beginner sewing pattern.\" \/>\n<meta name=\"robots\" content=\"index, follow, max-snippet:-1, max-image-preview:large, max-video-preview:-1\" \/>\n<link rel=\"canonical\" href=\"https:\/\/makeityoursthelabel.com\/en\/product\/sewing-case-pouch-free-sewing-pattern\/\" \/>\n<meta property=\"og:locale\" content=\"en_US\" \/>\n<meta property=\"og:type\" content=\"article\" \/>\n<meta property=\"og:title\" content=\"Phone Pouch - Free Sewing Pattern &#8226; Make it Yours\" \/>\n<meta property=\"og:description\" content=\"Download this free sewing pattern for a small phone case pouch. Easy to make and free beginner sewing pattern.\" \/>\n<meta property=\"og:url\" content=\"https:\/\/makeityoursthelabel.com\/en\/product\/sewing-case-pouch-free-sewing-pattern\/\" \/>\n<meta property=\"og:site_name\" content=\"Make it Yours\" \/>\n<meta property=\"article:publisher\" content=\"https:\/\/www.facebook.com\/makeityoursthelabel\/\" \/>\n<meta property=\"article:modified_time\" content=\"2025-09-10T11:41:03+00:00\" \/>\n<meta property=\"og:image\" content=\"https:\/\/makeityoursthelabel.com\/wp-content\/uploads\/2023\/07\/Handytasche-zum-Umhangen-kostenloses-Schnittmuster-Download-A4-1.jpg\" \/>\n\t<meta property=\"og:image:width\" content=\"2000\" \/>\n\t<meta property=\"og:image:height\" content=\"2000\" \/>\n\t<meta property=\"og:image:type\" content=\"image\/jpeg\" \/>\n<meta name=\"twitter:card\" content=\"summary_large_image\" \/>\n<meta name=\"twitter:label1\" content=\"Est. reading time\" \/>\n\t<meta name=\"twitter:data1\" content=\"2 minutes\" \/>\n<script type=\"application\/ld+json\" class=\"yoast-schema-graph\">{\"@context\":\"https:\\\/\\\/schema.org\",\"@graph\":[{\"@type\":\"WebPage\",\"@id\":\"https:\\\/\\\/makeityoursthelabel.com\\\/en\\\/product\\\/sewing-case-pouch-free-sewing-pattern\\\/\",\"url\":\"https:\\\/\\\/makeityoursthelabel.com\\\/en\\\/product\\\/sewing-case-pouch-free-sewing-pattern\\\/\",\"name\":\"Phone Pouch - Free Sewing Pattern &#8226; Make it Yours\",\"isPartOf\":{\"@id\":\"https:\\\/\\\/makeityoursthelabel.com\\\/en\\\/#website\"},\"primaryImageOfPage\":{\"@id\":\"https:\\\/\\\/makeityoursthelabel.com\\\/en\\\/product\\\/sewing-case-pouch-free-sewing-pattern\\\/#primaryimage\"},\"image\":{\"@id\":\"https:\\\/\\\/makeityoursthelabel.com\\\/en\\\/product\\\/sewing-case-pouch-free-sewing-pattern\\\/#primaryimage\"},\"thumbnailUrl\":\"https:\\\/\\\/makeityoursthelabel.com\\\/wp-content\\\/uploads\\\/2023\\\/07\\\/Handytasche-zum-Umhangen-kostenloses-Schnittmuster-Download-A4-1.jpg\",\"datePublished\":\"2023-07-03T15:41:46+00:00\",\"dateModified\":\"2025-09-10T11:41:03+00:00\",\"description\":\"Download this free sewing pattern for a small phone case pouch. Easy to make and free beginner sewing pattern.\",\"breadcrumb\":{\"@id\":\"https:\\\/\\\/makeityoursthelabel.com\\\/en\\\/product\\\/sewing-case-pouch-free-sewing-pattern\\\/#breadcrumb\"},\"inLanguage\":\"en-US\",\"potentialAction\":[{\"@type\":\"ReadAction\",\"target\":[\"https:\\\/\\\/makeityoursthelabel.com\\\/en\\\/product\\\/sewing-case-pouch-free-sewing-pattern\\\/\"]}]},{\"@type\":\"ImageObject\",\"inLanguage\":\"en-US\",\"@id\":\"https:\\\/\\\/makeityoursthelabel.com\\\/en\\\/product\\\/sewing-case-pouch-free-sewing-pattern\\\/#primaryimage\",\"url\":\"https:\\\/\\\/makeityoursthelabel.com\\\/wp-content\\\/uploads\\\/2023\\\/07\\\/Handytasche-zum-Umhangen-kostenloses-Schnittmuster-Download-A4-1.jpg\",\"contentUrl\":\"https:\\\/\\\/makeityoursthelabel.com\\\/wp-content\\\/uploads\\\/2023\\\/07\\\/Handytasche-zum-Umhangen-kostenloses-Schnittmuster-Download-A4-1.jpg\",\"width\":2000,\"height\":2000,\"caption\":\"Handytasche zum Umh\u00e4ngen kostenloses Schnittmuster Download A4\"},{\"@type\":\"BreadcrumbList\",\"@id\":\"https:\\\/\\\/makeityoursthelabel.com\\\/en\\\/product\\\/sewing-case-pouch-free-sewing-pattern\\\/#breadcrumb\",\"itemListElement\":[{\"@type\":\"ListItem\",\"position\":1,\"name\":\"Home\",\"item\":\"https:\\\/\\\/makeityoursthelabel.com\\\/en\\\/\"},{\"@type\":\"ListItem\",\"position\":2,\"name\":\"Shop\",\"item\":\"https:\\\/\\\/makeityoursthelabel.com\\\/en\\\/shop\\\/\"},{\"@type\":\"ListItem\",\"position\":3,\"name\":\"Phone Pouch &#8211; Free Sewing Pattern\"}]},{\"@type\":\"WebSite\",\"@id\":\"https:\\\/\\\/makeityoursthelabel.com\\\/en\\\/#website\",\"url\":\"https:\\\/\\\/makeityoursthelabel.com\\\/en\\\/\",\"name\":\"Make it Yours\",\"description\":\"Learn how to sew your own unique garments with sewing patterns &amp; tutorials by Make It Yours - The Label\",\"publisher\":{\"@id\":\"https:\\\/\\\/makeityoursthelabel.com\\\/en\\\/#organization\"},\"potentialAction\":[{\"@type\":\"SearchAction\",\"target\":{\"@type\":\"EntryPoint\",\"urlTemplate\":\"https:\\\/\\\/makeityoursthelabel.com\\\/en\\\/?s={search_term_string}\"},\"query-input\":{\"@type\":\"PropertyValueSpecification\",\"valueRequired\":true,\"valueName\":\"search_term_string\"}}],\"inLanguage\":\"en-US\"},{\"@type\":\"Organization\",\"@id\":\"https:\\\/\\\/makeityoursthelabel.com\\\/en\\\/#organization\",\"name\":\"Make it Yours\",\"url\":\"https:\\\/\\\/makeityoursthelabel.com\\\/en\\\/\",\"logo\":{\"@type\":\"ImageObject\",\"inLanguage\":\"en-US\",\"@id\":\"https:\\\/\\\/makeityoursthelabel.com\\\/en\\\/#\\\/schema\\\/logo\\\/image\\\/\",\"url\":\"https:\\\/\\\/makeityoursthelabel.com\\\/wp-content\\\/uploads\\\/2021\\\/08\\\/Logo-Text-black.png\",\"contentUrl\":\"https:\\\/\\\/makeityoursthelabel.com\\\/wp-content\\\/uploads\\\/2021\\\/08\\\/Logo-Text-black.png\",\"width\":2560,\"height\":400,\"caption\":\"Make it Yours\"},\"image\":{\"@id\":\"https:\\\/\\\/makeityoursthelabel.com\\\/en\\\/#\\\/schema\\\/logo\\\/image\\\/\"},\"sameAs\":[\"https:\\\/\\\/www.facebook.com\\\/makeityoursthelabel\\\/\",\"https:\\\/\\\/www.instagram.com\\\/makeityoursthelabel\\\/\",\"https:\\\/\\\/www.linkedin.com\\\/in\\\/maria-frantzen-327b64169\\\/\",\"https:\\\/\\\/www.pinterest.de\\\/makeityoursthelabel\\\/\",\"https:\\\/\\\/www.youtube.com\\\/c\\\/MakeItYoursTheLabel\"]}]}<\/script>\n<!-- \/ Yoast SEO plugin. -->","yoast_head_json":{"title":"Phone Pouch - Free Sewing Pattern &#8226; Make it Yours","description":"Download this free sewing pattern for a small phone case pouch. Easy to make and free beginner sewing pattern.","robots":{"index":"index","follow":"follow","max-snippet":"max-snippet:-1","max-image-preview":"max-image-preview:large","max-video-preview":"max-video-preview:-1"},"canonical":"https:\/\/makeityoursthelabel.com\/en\/product\/sewing-case-pouch-free-sewing-pattern\/","og_locale":"en_US","og_type":"article","og_title":"Phone Pouch - Free Sewing Pattern &#8226; Make it Yours","og_description":"Download this free sewing pattern for a small phone case pouch. Easy to make and free beginner sewing pattern.","og_url":"https:\/\/makeityoursthelabel.com\/en\/product\/sewing-case-pouch-free-sewing-pattern\/","og_site_name":"Make it Yours","article_publisher":"https:\/\/www.facebook.com\/makeityoursthelabel\/","article_modified_time":"2025-09-10T11:41:03+00:00","og_image":[{"width":2000,"height":2000,"url":"https:\/\/makeityoursthelabel.com\/wp-content\/uploads\/2023\/07\/Handytasche-zum-Umhangen-kostenloses-Schnittmuster-Download-A4-1.jpg","type":"image\/jpeg"}],"twitter_card":"summary_large_image","twitter_misc":{"Est. reading time":"2 minutes"},"schema":{"@context":"https:\/\/schema.org","@graph":[{"@type":"WebPage","@id":"https:\/\/makeityoursthelabel.com\/en\/product\/sewing-case-pouch-free-sewing-pattern\/","url":"https:\/\/makeityoursthelabel.com\/en\/product\/sewing-case-pouch-free-sewing-pattern\/","name":"Phone Pouch - Free Sewing Pattern &#8226; Make it Yours","isPartOf":{"@id":"https:\/\/makeityoursthelabel.com\/en\/#website"},"primaryImageOfPage":{"@id":"https:\/\/makeityoursthelabel.com\/en\/product\/sewing-case-pouch-free-sewing-pattern\/#primaryimage"},"image":{"@id":"https:\/\/makeityoursthelabel.com\/en\/product\/sewing-case-pouch-free-sewing-pattern\/#primaryimage"},"thumbnailUrl":"https:\/\/makeityoursthelabel.com\/wp-content\/uploads\/2023\/07\/Handytasche-zum-Umhangen-kostenloses-Schnittmuster-Download-A4-1.jpg","datePublished":"2023-07-03T15:41:46+00:00","dateModified":"2025-09-10T11:41:03+00:00","description":"Download this free sewing pattern for a small phone case pouch. Easy to make and free beginner sewing pattern.","breadcrumb":{"@id":"https:\/\/makeityoursthelabel.com\/en\/product\/sewing-case-pouch-free-sewing-pattern\/#breadcrumb"},"inLanguage":"en-US","potentialAction":[{"@type":"ReadAction","target":["https:\/\/makeityoursthelabel.com\/en\/product\/sewing-case-pouch-free-sewing-pattern\/"]}]},{"@type":"ImageObject","inLanguage":"en-US","@id":"https:\/\/makeityoursthelabel.com\/en\/product\/sewing-case-pouch-free-sewing-pattern\/#primaryimage","url":"https:\/\/makeityoursthelabel.com\/wp-content\/uploads\/2023\/07\/Handytasche-zum-Umhangen-kostenloses-Schnittmuster-Download-A4-1.jpg","contentUrl":"https:\/\/makeityoursthelabel.com\/wp-content\/uploads\/2023\/07\/Handytasche-zum-Umhangen-kostenloses-Schnittmuster-Download-A4-1.jpg","width":2000,"height":2000,"caption":"Handytasche zum Umh\u00e4ngen kostenloses Schnittmuster Download A4"},{"@type":"BreadcrumbList","@id":"https:\/\/makeityoursthelabel.com\/en\/product\/sewing-case-pouch-free-sewing-pattern\/#breadcrumb","itemListElement":[{"@type":"ListItem","position":1,"name":"Home","item":"https:\/\/makeityoursthelabel.com\/en\/"},{"@type":"ListItem","position":2,"name":"Shop","item":"https:\/\/makeityoursthelabel.com\/en\/shop\/"},{"@type":"ListItem","position":3,"name":"Phone Pouch &#8211; Free Sewing Pattern"}]},{"@type":"WebSite","@id":"https:\/\/makeityoursthelabel.com\/en\/#website","url":"https:\/\/makeityoursthelabel.com\/en\/","name":"Make it Yours","description":"Learn how to sew your own unique garments with sewing patterns &amp; tutorials by Make It Yours - The Label","publisher":{"@id":"https:\/\/makeityoursthelabel.com\/en\/#organization"},"potentialAction":[{"@type":"SearchAction","target":{"@type":"EntryPoint","urlTemplate":"https:\/\/makeityoursthelabel.com\/en\/?s={search_term_string}"},"query-input":{"@type":"PropertyValueSpecification","valueRequired":true,"valueName":"search_term_string"}}],"inLanguage":"en-US"},{"@type":"Organization","@id":"https:\/\/makeityoursthelabel.com\/en\/#organization","name":"Make it Yours","url":"https:\/\/makeityoursthelabel.com\/en\/","logo":{"@type":"ImageObject","inLanguage":"en-US","@id":"https:\/\/makeityoursthelabel.com\/en\/#\/schema\/logo\/image\/","url":"https:\/\/makeityoursthelabel.com\/wp-content\/uploads\/2021\/08\/Logo-Text-black.png","contentUrl":"https:\/\/makeityoursthelabel.com\/wp-content\/uploads\/2021\/08\/Logo-Text-black.png","width":2560,"height":400,"caption":"Make it Yours"},"image":{"@id":"https:\/\/makeityoursthelabel.com\/en\/#\/schema\/logo\/image\/"},"sameAs":["https:\/\/www.facebook.com\/makeityoursthelabel\/","https:\/\/www.instagram.com\/makeityoursthelabel\/","https:\/\/www.linkedin.com\/in\/maria-frantzen-327b64169\/","https:\/\/www.pinterest.de\/makeityoursthelabel\/","https:\/\/www.youtube.com\/c\/MakeItYoursTheLabel"]}]}},"_links":{"self":[{"href":"https:\/\/makeityoursthelabel.com\/en\/wp-json\/wp\/v2\/product\/55606","targetHints":{"allow":["GET"]}}],"collection":[{"href":"https:\/\/makeityoursthelabel.com\/en\/wp-json\/wp\/v2\/product"}],"about":[{"href":"https:\/\/makeityoursthelabel.com\/en\/wp-json\/wp\/v2\/types\/product"}],"replies":[{"embeddable":true,"href":"https:\/\/makeityoursthelabel.com\/en\/wp-json\/wp\/v2\/comments?post=55606"}],"wp:featuredmedia":[{"embeddable":true,"href":"https:\/\/makeityoursthelabel.com\/en\/wp-json\/wp\/v2\/media\/55586"}],"wp:attachment":[{"href":"https:\/\/makeityoursthelabel.com\/en\/wp-json\/wp\/v2\/media?parent=55606"}],"wp:term":[{"taxonomy":"product_brand","embeddable":true,"href":"https:\/\/makeityoursthelabel.com\/en\/wp-json\/wp\/v2\/product_brand?post=55606"},{"taxonomy":"product_cat","embeddable":true,"href":"https:\/\/makeityoursthelabel.com\/en\/wp-json\/wp\/v2\/product_cat?post=55606"},{"taxonomy":"product_tag","embeddable":true,"href":"https:\/\/makeityoursthelabel.com\/en\/wp-json\/wp\/v2\/product_tag?post=55606"}],"curies":[{"name":"wp","href":"https:\/\/api.w.org\/{rel}","templated":true}]}}