{"id":12255,"date":"2020-01-24T14:47:28","date_gmt":"2020-01-24T13:47:28","guid":{"rendered":"https:\/\/makeityoursthelabel.com\/produkt\/schnittmuster-kapuzenpullover-cropped-hoodie-pattarina-app\/"},"modified":"2025-09-10T13:40:55","modified_gmt":"2025-09-10T11:40:55","slug":"schnittmuster-kapuzenpullover-cropped-hoodie-pattarina-app","status":"publish","type":"product","link":"https:\/\/makeityoursthelabel.com\/en\/product\/schnittmuster-kapuzenpullover-cropped-hoodie-pattarina-app\/","title":{"rendered":"*Pattarina* Schnittmuster Kapuzenpullover &#8220;cropped hoodie&#8221; &#8211; deutsch"},"content":{"rendered":"<h1><a href=\"https:\/\/makeityoursthelabel.com\/produkt\/kapuzenpullover-cropped-hoodie-schnittmuster-damen\/\" target=\"_blank\" rel=\"noopener noreferrer\">Kapuzenpullover<\/a> Schnittmuster und N\u00e4hanleitung f\u00fcr die <a href=\"https:\/\/www.pattarina.de\/\" target=\"_blank\" rel=\"noopener noreferrer\">Pattarina App<\/a><\/h1>\n<p>Einen kuscheligen, modernen Pullover n\u00e4hen. Mit diesem E-Book bekommst du das Schnittmuster f\u00fcr einen femininen Damen Kapuzenpullover. Damit n\u00e4hst du dir ruck-zuck ein tolles alltagstaugliches Outfit. Das <a href=\"https:\/\/makeityoursthelabel.com\/schnittmuster\/\">Schnittmuster<\/a> ist sehr einfach zu n\u00e4hen und damit auch super f\u00fcr N\u00e4hanf\u00e4nger geeignet.<\/p>\n<p>Aber auch mit etwas mehr N\u00e4herfahrung ist dieses Schnittmuster ein tolles DIY Projekt: den schlichten aber dennoch femininen Schnitt kannst du zum Beispiel super mit <a href=\"https:\/\/www.awin1.com\/cread.php?awinmid=14337&amp;awinaffid=646553&amp;clickref=Cropped+Hoodie+Schnittmuster&amp;p=%5B%5Bhttps%253A%252F%252Fwww.stoffe.de%252Fborten.html%5D%5D\" target=\"_blank\" rel=\"noopener noreferrer\">Borten und B\u00e4ndern<\/a> an den \u00c4rmeln aufpeppen.<\/p>\n<h2>Das E-Book zum Sofort-Download im \u00dcberblick:<\/h2>\n<ul>\n<li>Pattarina QR-Code<\/li>\n<li>Gr\u00f6\u00dfen 34-44 \/ XS-XXL<\/li>\n<li>DIN A4 und A0 Datei im Zip Ordner<\/li>\n<li>Nahtzugabe ist im Schnittmuster enthalten<\/li>\n<\/ul>\n<h2>Das Pullover <a href=\"https:\/\/makeityoursthelabel.com\/en\/produkt-category\/alle-produkte\/\" target=\"_blank\" rel=\"noopener noreferrer\">Schnittmuster<\/a> im \u00dcberblick<\/h2>\n<ul>\n<li>kurz geschnitten &#8220;cropped&#8221;<\/li>\n<li>gro\u00dfe Kapuze<\/li>\n<li>l\u00e4ngere \u00c4rmel<\/li>\n<\/ul>\n<h2>Kapuzenpullover f\u00fcr Damen n\u00e4hen &#8211; Stoffempfehlung<\/h2>\n<ul>\n<li>kuscheliger <a href=\"https:\/\/www.awin1.com\/cread.php?awinmid=14337&amp;awinaffid=646553&amp;clickref=Cropped+Hoodie&amp;p=%5B%5Bhttps%253A%252F%252Fwww.stoffe.de%252Fsweatstoffe.html%253FPageNumber%253D1%2526PageSize%253D24%2526SearchParameter%253D%252526%252540QueryTerm%25253D%252A%252526ContextCategoryUUID%25253DqRAKcILEb7kAAAFUmm4SjlMQ%252526Motiv%25253DUni%252526OnlineFlag%25253D1%252526Suchbar%25253Dtrue%2523view-container%5D%5D\" target=\"_blank\" rel=\"noopener noreferrer\">Sweatstoff<\/a>, zum Beispiel aus Baumwolle oder Modal<\/li>\n<li><a href=\"https:\/\/www.stoffe.de\/french-terry.html\" target=\"_blank\" rel=\"noopener noreferrer\">French Terry<\/a> (Sommersweat): etwas d\u00fcnner als Sweatstoff aber toll f\u00fcr eine etwas leichtere Version des Pullovers<\/li>\n<\/ul>\n<h2>N\u00e4hen mit der Pattarina App<\/h2>\n<p>Mit dem Kauf dieses Produkts erh\u00e4ltst du einen QR Code f\u00fcr das digitale Schnittmuster des Pullovers. Scanne diesen einfach in der App und du kannst den Schnitt bequem dort \u00f6ffnen und direkt auf deinen Stoff \u00fcbertragen.<\/p>\n<p style=\"text-align: center;\">Kein Ausdrucken \u2714 Kein Zusammenkleben \u2714 Sofort loslegen \u2714<\/p>\n<p style=\"text-align: center;\"><a href=\"https:\/\/play.google.com\/store\/apps\/details?id=com.pattarina.android&amp;hl=de\" target=\"_blank\" rel=\"noopener noreferrer\">Pattarina App im Google Play Store<\/a><\/p>\n<p style=\"text-align: center;\"><a href=\"https:\/\/apps.apple.com\/de\/app\/pattarina\/id1474251287\" target=\"_blank\" rel=\"noopener noreferrer\">Pattarina App im Apple Store\u00a0<\/a><\/p>\n<div class=\"row\"  id=\"row-1648326289\">\n\n\t<div id=\"col-513639446\" class=\"col small-12 large-12\"  >\n\t\t\t\t<div class=\"col-inner text-center\"  >\n\t\t\t\n\t\t\t\n\t<div id=\"gap-511669058\" class=\"gap-element clearfix\" style=\"display:block; height:auto;\">\n\t\t\n<style>\n#gap-511669058 {\n  padding-top: 60px;\n}\n<\/style>\n\t<\/div>\n\t\n<h3>Die passenden Stoffe f\u00fcr dein N\u00e4hprojekt<\/h3>\n\t\t<\/div>\n\t\t\t\t\t<\/div>\n\n\t\n<\/div>\n<div class=\"row\"  id=\"row-399884581\">\n\n\t<div id=\"col-1110901977\" class=\"col medium-4 small-6 large-4\"  >\n\t\t\t\t<div class=\"col-inner text-center\"  >\n\t\t\t\n\t\t\t\n\t<div class=\"img has-hover x md-x lg-x y md-y lg-y\" id=\"image_933024685\">\n\t\t<a class=\"\" href=\"https:\/\/www.awin1.com\/cread.php?awinmid=14337&#038;amp;awinaffid=646553&#038;amp;clickref=Cropped+Hoodie&#038;amp;p=%5B%5Bhttps%253A%252F%252Fwww.stoffe.de%252F81-2775-014_french-terry-20-altrosa.html%5D%5D\" target=\"_blank\" rel=\"noopener\" >\t\t\t\t\t\t<div class=\"img-inner dark\" >\n\t\t\t<img loading=\"lazy\" decoding=\"async\" width=\"600\" height=\"600\" src=\"https:\/\/makeityoursthelabel.com\/wp-content\/uploads\/2019\/10\/french-terry-20-altrosa.jpg\" class=\"attachment-large size-large\" alt=\"Sweatstoff altrosa\" srcset=\"https:\/\/makeityoursthelabel.com\/wp-content\/uploads\/2019\/10\/french-terry-20-altrosa.jpg 600w, https:\/\/makeityoursthelabel.com\/wp-content\/uploads\/2019\/10\/french-terry-20-altrosa-300x300.jpg 300w, https:\/\/makeityoursthelabel.com\/wp-content\/uploads\/2019\/10\/french-terry-20-altrosa-150x150.jpg 150w, https:\/\/makeityoursthelabel.com\/wp-content\/uploads\/2019\/10\/french-terry-20-altrosa-247x247.jpg 247w, https:\/\/makeityoursthelabel.com\/wp-content\/uploads\/2019\/10\/french-terry-20-altrosa-510x510.jpg 510w, https:\/\/makeityoursthelabel.com\/wp-content\/uploads\/2019\/10\/french-terry-20-altrosa-100x100.jpg 100w\" sizes=\"auto, (max-width: 600px) 100vw, 600px\" \/>\t\t\t\t\t\t\n\t\t\t\t\t<\/div>\n\t\t\t\t\t\t<\/a>\t\t\n<style>\n#image_933024685 {\n  width: 100%;\n}\n<\/style>\n\t<\/div>\n\t\n<a href=\"https:\/\/www.awin1.com\/cread.php?awinmid=14337&#038;amp;awinaffid=646553&#038;amp;clickref=Cropped+Hoodie&#038;amp;p=%5B%5Bhttps%253A%252F%252Fwww.stoffe.de%252F81-2775-014_french-terry-20-altrosa.html%5D%5D\" target=\"_blank\" class=\"button primary is-outline is-small lowercase\" rel=\"noopener\" >\n\t\t<span>French Terry altrosa<\/span>\n\t<\/a>\n\n\t\t<\/div>\n\t\t\t\t\t<\/div>\n\n\t\n\n\t<div id=\"col-1955803407\" class=\"col medium-4 small-6 large-4\"  >\n\t\t\t\t<div class=\"col-inner text-center\"  >\n\t\t\t\n\t\t\t\n\t<div class=\"img has-hover x md-x lg-x y md-y lg-y\" id=\"image_499779566\">\n\t\t<a class=\"\" href=\"https:\/\/www.awin1.com\/cread.php?awinmid=14337&#038;amp;awinaffid=646553&#038;amp;clickref=Pattarina+Schnittmuster+Kapuzenpullover&#038;amp;p=%5B%5Bhttps%253A%252F%252Fwww.stoffe.de%252F63-06971-001_softsweat-gots-schwarz.html%5D%5D\" target=\"_blank\" rel=\"noopener\" >\t\t\t\t\t\t<div class=\"img-inner dark\" >\n\t\t\t<img loading=\"lazy\" decoding=\"async\" width=\"600\" height=\"600\" src=\"https:\/\/makeityoursthelabel.com\/wp-content\/uploads\/2020\/01\/softsweat-gots-schwarz-63_06971_001.jpg\" class=\"attachment-large size-large\" alt=\"GOTS French Terry schwarz\" srcset=\"https:\/\/makeityoursthelabel.com\/wp-content\/uploads\/2020\/01\/softsweat-gots-schwarz-63_06971_001.jpg 600w, https:\/\/makeityoursthelabel.com\/wp-content\/uploads\/2020\/01\/softsweat-gots-schwarz-63_06971_001-300x300.jpg 300w, https:\/\/makeityoursthelabel.com\/wp-content\/uploads\/2020\/01\/softsweat-gots-schwarz-63_06971_001-150x150.jpg 150w, https:\/\/makeityoursthelabel.com\/wp-content\/uploads\/2020\/01\/softsweat-gots-schwarz-63_06971_001-247x247.jpg 247w, https:\/\/makeityoursthelabel.com\/wp-content\/uploads\/2020\/01\/softsweat-gots-schwarz-63_06971_001-510x510.jpg 510w, https:\/\/makeityoursthelabel.com\/wp-content\/uploads\/2020\/01\/softsweat-gots-schwarz-63_06971_001-100x100.jpg 100w\" sizes=\"auto, (max-width: 600px) 100vw, 600px\" \/>\t\t\t\t\t\t\n\t\t\t\t\t<\/div>\n\t\t\t\t\t\t<\/a>\t\t\n<style>\n#image_499779566 {\n  width: 100%;\n}\n<\/style>\n\t<\/div>\n\t\n<a href=\"https:\/\/www.awin1.com\/cread.php?awinmid=14337&#038;amp;awinaffid=646553&#038;amp;clickref=Pattarina+Schnittmuster+Kapuzenpullover&#038;amp;p=%5B%5Bhttps%253A%252F%252Fwww.stoffe.de%252F63-06971-001_softsweat-gots-schwarz.html%5D%5D\" target=\"_blank\" class=\"button primary is-outline is-small lowercase\" rel=\"noopener\" >\n\t\t<span>Softsweat GOTS schwarz<\/span>\n\t<\/a>\n\n\t\t<\/div>\n\t\t\t\t\t<\/div>\n\n\t\n\n\t<div id=\"col-1053037788\" class=\"col medium-4 small-6 large-4\"  >\n\t\t\t\t<div class=\"col-inner text-center\"  >\n\t\t\t\n\t\t\t\n\t<div class=\"img has-hover x md-x lg-x y md-y lg-y\" id=\"image_817618833\">\n\t\t<a class=\"\" href=\"https:\/\/www.awin1.com\/cread.php?awinmid=14337&#038;amp;awinaffid=646553&#038;amp;clickref=Pattarina+Schnittmuster+Kapuzenpullover&#038;amp;p=%5B%5Bhttps%253A%252F%252Fwww.stoffe.de%252F24-1520-80_baumwollkordel-uni-schwarz.html%5D%5D\" target=\"_blank\" rel=\"noopener\" >\t\t\t\t\t\t<div class=\"img-inner dark\" >\n\t\t\t<img loading=\"lazy\" decoding=\"async\" width=\"600\" height=\"600\" src=\"https:\/\/makeityoursthelabel.com\/wp-content\/uploads\/2020\/01\/baumwollkordel-oe-5-mm-schwarz-108_678b_014.jpg\" class=\"attachment-large size-large\" alt=\"Baumwollkordel schwarz\" srcset=\"https:\/\/makeityoursthelabel.com\/wp-content\/uploads\/2020\/01\/baumwollkordel-oe-5-mm-schwarz-108_678b_014.jpg 600w, https:\/\/makeityoursthelabel.com\/wp-content\/uploads\/2020\/01\/baumwollkordel-oe-5-mm-schwarz-108_678b_014-300x300.jpg 300w, https:\/\/makeityoursthelabel.com\/wp-content\/uploads\/2020\/01\/baumwollkordel-oe-5-mm-schwarz-108_678b_014-150x150.jpg 150w, https:\/\/makeityoursthelabel.com\/wp-content\/uploads\/2020\/01\/baumwollkordel-oe-5-mm-schwarz-108_678b_014-247x247.jpg 247w, https:\/\/makeityoursthelabel.com\/wp-content\/uploads\/2020\/01\/baumwollkordel-oe-5-mm-schwarz-108_678b_014-510x510.jpg 510w, https:\/\/makeityoursthelabel.com\/wp-content\/uploads\/2020\/01\/baumwollkordel-oe-5-mm-schwarz-108_678b_014-100x100.jpg 100w\" sizes=\"auto, (max-width: 600px) 100vw, 600px\" \/>\t\t\t\t\t\t\n\t\t\t\t\t<\/div>\n\t\t\t\t\t\t<\/a>\t\t\n<style>\n#image_817618833 {\n  width: 100%;\n}\n<\/style>\n\t<\/div>\n\t\n<a href=\"https:\/\/www.awin1.com\/cread.php?awinmid=14337&#038;amp;awinaffid=646553&#038;amp;clickref=Pattarina+Schnittmuster+Kapuzenpullover&#038;amp;p=%5B%5Bhttps%253A%252F%252Fwww.stoffe.de%252F24-1520-80_baumwollkordel-uni-schwarz.html%5D%5D\" target=\"_blank\" class=\"button primary is-outline is-small lowercase\" rel=\"noopener\" >\n\t\t<span>Baumwollkordel schwarz<\/span>\n\t<\/a>\n\n\t\t<\/div>\n\t\t\t\t\t<\/div>\n\n\t\n<\/div>\n<div class=\"row\"  id=\"row-1047890979\">\n\n\t<div id=\"col-836209243\" class=\"col small-12 large-12\"  >\n\t\t\t\t<div class=\"col-inner text-center\"  >\n\t\t\t\n\t\t\t\n<p><span style=\"font-size: 85%; color: #808080;\">*Alle Links sind Affiliate-Links. Der Klick kostet dich nichts und f\u00fcr die Empfehlung bekomme ich lediglich eine kleine Provision.<\/span><\/p>\n\t\t<\/div>\n\t\t\t\t\t<\/div>\n\n\t\n<\/div>\n","protected":false},"excerpt":{"rendered":"<p>Mit dem Kauf dieses E-Books bekommst du das Pattarina Schnittmuster und die N\u00e4hanleitung f\u00fcr diesen Kapuzenpullover &#8220;cropped Hoodie&#8221;.<\/p>\n<p>&nbsp;<\/p>\n","protected":false},"featured_media":12259,"comment_status":"open","ping_status":"closed","template":"","meta":[],"product_brand":[],"product_cat":[153],"product_tag":[],"class_list":{"0":"post-12255","1":"product","2":"type-product","3":"status-publish","4":"has-post-thumbnail","6":"product_cat-all-products","8":"first","9":"instock","10":"downloadable","11":"virtual","12":"taxable","13":"purchasable","14":"product-type-simple"},"yoast_head":"<!-- This site is optimized with the Yoast SEO plugin v27.4 - https:\/\/yoast.com\/product\/yoast-seo-wordpress\/ -->\n<title>*Pattarina* Schnittmuster Kapuzenpullover &quot;cropped hoodie&quot; - deutsch Make it Yours<\/title>\n<meta name=\"description\" content=\"Das Pattarina Schnittmuster f\u00fcr den Kapuzenpullover &quot;copped Hoodie&quot;. QR-Code scannen \u2714 Schnitt direkt mit deinem Handy auf den Stoff \u00fcbertragen \u2714\" \/>\n<meta name=\"robots\" content=\"index, follow, max-snippet:-1, max-image-preview:large, max-video-preview:-1\" \/>\n<link rel=\"canonical\" href=\"https:\/\/makeityoursthelabel.com\/en\/product\/schnittmuster-kapuzenpullover-cropped-hoodie-pattarina-app\/\" \/>\n<meta property=\"og:locale\" content=\"en_US\" \/>\n<meta property=\"og:type\" content=\"article\" \/>\n<meta property=\"og:title\" content=\"*Pattarina* Schnittmuster Kapuzenpullover &quot;cropped hoodie&quot; - deutsch Make it Yours\" \/>\n<meta property=\"og:description\" content=\"Das Pattarina Schnittmuster f\u00fcr den Kapuzenpullover &quot;copped Hoodie&quot;. QR-Code scannen \u2714 Schnitt direkt mit deinem Handy auf den Stoff \u00fcbertragen \u2714\" \/>\n<meta property=\"og:url\" content=\"https:\/\/makeityoursthelabel.com\/en\/product\/schnittmuster-kapuzenpullover-cropped-hoodie-pattarina-app\/\" \/>\n<meta property=\"og:site_name\" content=\"Make it Yours\" \/>\n<meta property=\"article:publisher\" content=\"https:\/\/www.facebook.com\/makeityoursthelabel\/\" \/>\n<meta property=\"article:modified_time\" content=\"2025-09-10T11:40:55+00:00\" \/>\n<meta property=\"og:image\" content=\"https:\/\/makeityoursthelabel.com\/wp-content\/uploads\/2019\/10\/Kurzer-Pullover_cropped-Hoodie_Pullover_Sweater-n\u00e4hen_Schnittmuster_Damen.jpg\" \/>\n\t<meta property=\"og:image:width\" content=\"708\" \/>\n\t<meta property=\"og:image:height\" content=\"900\" \/>\n\t<meta property=\"og:image:type\" content=\"image\/jpeg\" \/>\n<meta name=\"twitter:card\" content=\"summary_large_image\" \/>\n<meta name=\"twitter:label1\" content=\"Est. reading time\" \/>\n\t<meta name=\"twitter:data1\" content=\"3 minutes\" \/>\n<script type=\"application\/ld+json\" class=\"yoast-schema-graph\">{\"@context\":\"https:\\\/\\\/schema.org\",\"@graph\":[{\"@type\":\"WebPage\",\"@id\":\"https:\\\/\\\/makeityoursthelabel.com\\\/en\\\/product\\\/schnittmuster-kapuzenpullover-cropped-hoodie-pattarina-app\\\/\",\"url\":\"https:\\\/\\\/makeityoursthelabel.com\\\/en\\\/product\\\/schnittmuster-kapuzenpullover-cropped-hoodie-pattarina-app\\\/\",\"name\":\"*Pattarina* Schnittmuster Kapuzenpullover \\\"cropped hoodie\\\" - deutsch Make it Yours\",\"isPartOf\":{\"@id\":\"https:\\\/\\\/makeityoursthelabel.com\\\/en\\\/#website\"},\"primaryImageOfPage\":{\"@id\":\"https:\\\/\\\/makeityoursthelabel.com\\\/en\\\/product\\\/schnittmuster-kapuzenpullover-cropped-hoodie-pattarina-app\\\/#primaryimage\"},\"image\":{\"@id\":\"https:\\\/\\\/makeityoursthelabel.com\\\/en\\\/product\\\/schnittmuster-kapuzenpullover-cropped-hoodie-pattarina-app\\\/#primaryimage\"},\"thumbnailUrl\":\"https:\\\/\\\/makeityoursthelabel.com\\\/wp-content\\\/uploads\\\/2019\\\/10\\\/Kurzer-Pullover_cropped-Hoodie_Pullover_Sweater-n\u00e4hen_Schnittmuster_Damen.jpg\",\"datePublished\":\"2020-01-24T13:47:28+00:00\",\"dateModified\":\"2025-09-10T11:40:55+00:00\",\"description\":\"Das Pattarina Schnittmuster f\u00fcr den Kapuzenpullover \\\"copped Hoodie\\\". QR-Code scannen \u2714 Schnitt direkt mit deinem Handy auf den Stoff \u00fcbertragen \u2714\",\"breadcrumb\":{\"@id\":\"https:\\\/\\\/makeityoursthelabel.com\\\/en\\\/product\\\/schnittmuster-kapuzenpullover-cropped-hoodie-pattarina-app\\\/#breadcrumb\"},\"inLanguage\":\"en-US\",\"potentialAction\":[{\"@type\":\"ReadAction\",\"target\":[\"https:\\\/\\\/makeityoursthelabel.com\\\/en\\\/product\\\/schnittmuster-kapuzenpullover-cropped-hoodie-pattarina-app\\\/\"]}]},{\"@type\":\"ImageObject\",\"inLanguage\":\"en-US\",\"@id\":\"https:\\\/\\\/makeityoursthelabel.com\\\/en\\\/product\\\/schnittmuster-kapuzenpullover-cropped-hoodie-pattarina-app\\\/#primaryimage\",\"url\":\"https:\\\/\\\/makeityoursthelabel.com\\\/wp-content\\\/uploads\\\/2019\\\/10\\\/Kurzer-Pullover_cropped-Hoodie_Pullover_Sweater-n\u00e4hen_Schnittmuster_Damen.jpg\",\"contentUrl\":\"https:\\\/\\\/makeityoursthelabel.com\\\/wp-content\\\/uploads\\\/2019\\\/10\\\/Kurzer-Pullover_cropped-Hoodie_Pullover_Sweater-n\u00e4hen_Schnittmuster_Damen.jpg\",\"width\":708,\"height\":900,\"caption\":\"Cropped Hoodie Sewing Pattern\"},{\"@type\":\"BreadcrumbList\",\"@id\":\"https:\\\/\\\/makeityoursthelabel.com\\\/en\\\/product\\\/schnittmuster-kapuzenpullover-cropped-hoodie-pattarina-app\\\/#breadcrumb\",\"itemListElement\":[{\"@type\":\"ListItem\",\"position\":1,\"name\":\"Home\",\"item\":\"https:\\\/\\\/makeityoursthelabel.com\\\/en\\\/\"},{\"@type\":\"ListItem\",\"position\":2,\"name\":\"Shop\",\"item\":\"https:\\\/\\\/makeityoursthelabel.com\\\/en\\\/shop\\\/\"},{\"@type\":\"ListItem\",\"position\":3,\"name\":\"*Pattarina* Schnittmuster Kapuzenpullover &#8220;cropped hoodie&#8221; &#8211; deutsch\"}]},{\"@type\":\"WebSite\",\"@id\":\"https:\\\/\\\/makeityoursthelabel.com\\\/en\\\/#website\",\"url\":\"https:\\\/\\\/makeityoursthelabel.com\\\/en\\\/\",\"name\":\"Make it Yours\",\"description\":\"Learn how to sew your own unique garments with sewing patterns &amp; tutorials by Make It Yours - The Label\",\"publisher\":{\"@id\":\"https:\\\/\\\/makeityoursthelabel.com\\\/en\\\/#organization\"},\"potentialAction\":[{\"@type\":\"SearchAction\",\"target\":{\"@type\":\"EntryPoint\",\"urlTemplate\":\"https:\\\/\\\/makeityoursthelabel.com\\\/en\\\/?s={search_term_string}\"},\"query-input\":{\"@type\":\"PropertyValueSpecification\",\"valueRequired\":true,\"valueName\":\"search_term_string\"}}],\"inLanguage\":\"en-US\"},{\"@type\":\"Organization\",\"@id\":\"https:\\\/\\\/makeityoursthelabel.com\\\/en\\\/#organization\",\"name\":\"Make it Yours\",\"url\":\"https:\\\/\\\/makeityoursthelabel.com\\\/en\\\/\",\"logo\":{\"@type\":\"ImageObject\",\"inLanguage\":\"en-US\",\"@id\":\"https:\\\/\\\/makeityoursthelabel.com\\\/en\\\/#\\\/schema\\\/logo\\\/image\\\/\",\"url\":\"https:\\\/\\\/makeityoursthelabel.com\\\/wp-content\\\/uploads\\\/2021\\\/08\\\/Logo-Text-black.png\",\"contentUrl\":\"https:\\\/\\\/makeityoursthelabel.com\\\/wp-content\\\/uploads\\\/2021\\\/08\\\/Logo-Text-black.png\",\"width\":2560,\"height\":400,\"caption\":\"Make it Yours\"},\"image\":{\"@id\":\"https:\\\/\\\/makeityoursthelabel.com\\\/en\\\/#\\\/schema\\\/logo\\\/image\\\/\"},\"sameAs\":[\"https:\\\/\\\/www.facebook.com\\\/makeityoursthelabel\\\/\",\"https:\\\/\\\/www.instagram.com\\\/makeityoursthelabel\\\/\",\"https:\\\/\\\/www.linkedin.com\\\/in\\\/maria-frantzen-327b64169\\\/\",\"https:\\\/\\\/www.pinterest.de\\\/makeityoursthelabel\\\/\",\"https:\\\/\\\/www.youtube.com\\\/c\\\/MakeItYoursTheLabel\"]}]}<\/script>\n<!-- \/ Yoast SEO plugin. -->","yoast_head_json":{"title":"*Pattarina* Schnittmuster Kapuzenpullover \"cropped hoodie\" - deutsch Make it Yours","description":"Das Pattarina Schnittmuster f\u00fcr den Kapuzenpullover \"copped Hoodie\". QR-Code scannen \u2714 Schnitt direkt mit deinem Handy auf den Stoff \u00fcbertragen \u2714","robots":{"index":"index","follow":"follow","max-snippet":"max-snippet:-1","max-image-preview":"max-image-preview:large","max-video-preview":"max-video-preview:-1"},"canonical":"https:\/\/makeityoursthelabel.com\/en\/product\/schnittmuster-kapuzenpullover-cropped-hoodie-pattarina-app\/","og_locale":"en_US","og_type":"article","og_title":"*Pattarina* Schnittmuster Kapuzenpullover \"cropped hoodie\" - deutsch Make it Yours","og_description":"Das Pattarina Schnittmuster f\u00fcr den Kapuzenpullover \"copped Hoodie\". QR-Code scannen \u2714 Schnitt direkt mit deinem Handy auf den Stoff \u00fcbertragen \u2714","og_url":"https:\/\/makeityoursthelabel.com\/en\/product\/schnittmuster-kapuzenpullover-cropped-hoodie-pattarina-app\/","og_site_name":"Make it Yours","article_publisher":"https:\/\/www.facebook.com\/makeityoursthelabel\/","article_modified_time":"2025-09-10T11:40:55+00:00","og_image":[{"width":708,"height":900,"url":"https:\/\/makeityoursthelabel.com\/wp-content\/uploads\/2019\/10\/Kurzer-Pullover_cropped-Hoodie_Pullover_Sweater-n\u00e4hen_Schnittmuster_Damen.jpg","type":"image\/jpeg"}],"twitter_card":"summary_large_image","twitter_misc":{"Est. reading time":"3 minutes"},"schema":{"@context":"https:\/\/schema.org","@graph":[{"@type":"WebPage","@id":"https:\/\/makeityoursthelabel.com\/en\/product\/schnittmuster-kapuzenpullover-cropped-hoodie-pattarina-app\/","url":"https:\/\/makeityoursthelabel.com\/en\/product\/schnittmuster-kapuzenpullover-cropped-hoodie-pattarina-app\/","name":"*Pattarina* Schnittmuster Kapuzenpullover \"cropped hoodie\" - deutsch Make it Yours","isPartOf":{"@id":"https:\/\/makeityoursthelabel.com\/en\/#website"},"primaryImageOfPage":{"@id":"https:\/\/makeityoursthelabel.com\/en\/product\/schnittmuster-kapuzenpullover-cropped-hoodie-pattarina-app\/#primaryimage"},"image":{"@id":"https:\/\/makeityoursthelabel.com\/en\/product\/schnittmuster-kapuzenpullover-cropped-hoodie-pattarina-app\/#primaryimage"},"thumbnailUrl":"https:\/\/makeityoursthelabel.com\/wp-content\/uploads\/2019\/10\/Kurzer-Pullover_cropped-Hoodie_Pullover_Sweater-n\u00e4hen_Schnittmuster_Damen.jpg","datePublished":"2020-01-24T13:47:28+00:00","dateModified":"2025-09-10T11:40:55+00:00","description":"Das Pattarina Schnittmuster f\u00fcr den Kapuzenpullover \"copped Hoodie\". QR-Code scannen \u2714 Schnitt direkt mit deinem Handy auf den Stoff \u00fcbertragen \u2714","breadcrumb":{"@id":"https:\/\/makeityoursthelabel.com\/en\/product\/schnittmuster-kapuzenpullover-cropped-hoodie-pattarina-app\/#breadcrumb"},"inLanguage":"en-US","potentialAction":[{"@type":"ReadAction","target":["https:\/\/makeityoursthelabel.com\/en\/product\/schnittmuster-kapuzenpullover-cropped-hoodie-pattarina-app\/"]}]},{"@type":"ImageObject","inLanguage":"en-US","@id":"https:\/\/makeityoursthelabel.com\/en\/product\/schnittmuster-kapuzenpullover-cropped-hoodie-pattarina-app\/#primaryimage","url":"https:\/\/makeityoursthelabel.com\/wp-content\/uploads\/2019\/10\/Kurzer-Pullover_cropped-Hoodie_Pullover_Sweater-n\u00e4hen_Schnittmuster_Damen.jpg","contentUrl":"https:\/\/makeityoursthelabel.com\/wp-content\/uploads\/2019\/10\/Kurzer-Pullover_cropped-Hoodie_Pullover_Sweater-n\u00e4hen_Schnittmuster_Damen.jpg","width":708,"height":900,"caption":"Cropped Hoodie Sewing Pattern"},{"@type":"BreadcrumbList","@id":"https:\/\/makeityoursthelabel.com\/en\/product\/schnittmuster-kapuzenpullover-cropped-hoodie-pattarina-app\/#breadcrumb","itemListElement":[{"@type":"ListItem","position":1,"name":"Home","item":"https:\/\/makeityoursthelabel.com\/en\/"},{"@type":"ListItem","position":2,"name":"Shop","item":"https:\/\/makeityoursthelabel.com\/en\/shop\/"},{"@type":"ListItem","position":3,"name":"*Pattarina* Schnittmuster Kapuzenpullover &#8220;cropped hoodie&#8221; &#8211; deutsch"}]},{"@type":"WebSite","@id":"https:\/\/makeityoursthelabel.com\/en\/#website","url":"https:\/\/makeityoursthelabel.com\/en\/","name":"Make it Yours","description":"Learn how to sew your own unique garments with sewing patterns &amp; tutorials by Make It Yours - The Label","publisher":{"@id":"https:\/\/makeityoursthelabel.com\/en\/#organization"},"potentialAction":[{"@type":"SearchAction","target":{"@type":"EntryPoint","urlTemplate":"https:\/\/makeityoursthelabel.com\/en\/?s={search_term_string}"},"query-input":{"@type":"PropertyValueSpecification","valueRequired":true,"valueName":"search_term_string"}}],"inLanguage":"en-US"},{"@type":"Organization","@id":"https:\/\/makeityoursthelabel.com\/en\/#organization","name":"Make it Yours","url":"https:\/\/makeityoursthelabel.com\/en\/","logo":{"@type":"ImageObject","inLanguage":"en-US","@id":"https:\/\/makeityoursthelabel.com\/en\/#\/schema\/logo\/image\/","url":"https:\/\/makeityoursthelabel.com\/wp-content\/uploads\/2021\/08\/Logo-Text-black.png","contentUrl":"https:\/\/makeityoursthelabel.com\/wp-content\/uploads\/2021\/08\/Logo-Text-black.png","width":2560,"height":400,"caption":"Make it Yours"},"image":{"@id":"https:\/\/makeityoursthelabel.com\/en\/#\/schema\/logo\/image\/"},"sameAs":["https:\/\/www.facebook.com\/makeityoursthelabel\/","https:\/\/www.instagram.com\/makeityoursthelabel\/","https:\/\/www.linkedin.com\/in\/maria-frantzen-327b64169\/","https:\/\/www.pinterest.de\/makeityoursthelabel\/","https:\/\/www.youtube.com\/c\/MakeItYoursTheLabel"]}]}},"_links":{"self":[{"href":"https:\/\/makeityoursthelabel.com\/en\/wp-json\/wp\/v2\/product\/12255","targetHints":{"allow":["GET"]}}],"collection":[{"href":"https:\/\/makeityoursthelabel.com\/en\/wp-json\/wp\/v2\/product"}],"about":[{"href":"https:\/\/makeityoursthelabel.com\/en\/wp-json\/wp\/v2\/types\/product"}],"replies":[{"embeddable":true,"href":"https:\/\/makeityoursthelabel.com\/en\/wp-json\/wp\/v2\/comments?post=12255"}],"wp:featuredmedia":[{"embeddable":true,"href":"https:\/\/makeityoursthelabel.com\/en\/wp-json\/wp\/v2\/media\/12259"}],"wp:attachment":[{"href":"https:\/\/makeityoursthelabel.com\/en\/wp-json\/wp\/v2\/media?parent=12255"}],"wp:term":[{"taxonomy":"product_brand","embeddable":true,"href":"https:\/\/makeityoursthelabel.com\/en\/wp-json\/wp\/v2\/product_brand?post=12255"},{"taxonomy":"product_cat","embeddable":true,"href":"https:\/\/makeityoursthelabel.com\/en\/wp-json\/wp\/v2\/product_cat?post=12255"},{"taxonomy":"product_tag","embeddable":true,"href":"https:\/\/makeityoursthelabel.com\/en\/wp-json\/wp\/v2\/product_tag?post=12255"}],"curies":[{"name":"wp","href":"https:\/\/api.w.org\/{rel}","templated":true}]}}